{"id":398,"date":"2016-02-21T11:11:52","date_gmt":"2016-02-21T11:11:52","guid":{"rendered":"https:\/\/www.lagestoriadelcopyright.com\/?page_id=398"},"modified":"2016-02-21T11:11:52","modified_gmt":"2016-02-21T11:11:52","slug":"espanol-uso-cookies","status":"publish","type":"page","link":"https:\/\/www.lagestoriadelcopyright.com\/ca\/espanol-uso-cookies\/","title":{"rendered":"(Espa\u00f1ol) Uso cookies"},"content":{"rendered":"<p class=\"qtranxs-available-languages-message qtranxs-available-languages-message-ca\">Ho sentim, aquest contingut nom\u00e9s est\u00e0 disponible en <a href=\"https:\/\/www.lagestoriadelcopyright.com\/es\/wp-json\/wp\/v2\/pages\/398\" class=\"qtranxs-available-language-link qtranxs-available-language-link-es\" title=\"Espa\u00f1ol\">Espa\u00f1ol<\/a>.<\/p>","protected":false},"excerpt":{"rendered":"<p>Ho sentim, aquest contingut nom\u00e9s est\u00e0 disponible en Espa\u00f1ol.<\/p>\n","protected":false},"author":1,"featured_media":0,"parent":0,"menu_order":0,"comment_status":"closed","ping_status":"closed","template":"","meta":[],"_links":{"self":[{"href":"https:\/\/www.lagestoriadelcopyright.com\/ca\/wp-json\/wp\/v2\/pages\/398"}],"collection":[{"href":"https:\/\/www.lagestoriadelcopyright.com\/ca\/wp-json\/wp\/v2\/pages"}],"about":[{"href":"https:\/\/www.lagestoriadelcopyright.com\/ca\/wp-json\/wp\/v2\/types\/page"}],"author":[{"embeddable":true,"href":"https:\/\/www.lagestoriadelcopyright.com\/ca\/wp-json\/wp\/v2\/users\/1"}],"replies":[{"embeddable":true,"href":"https:\/\/www.lagestoriadelcopyright.com\/ca\/wp-json\/wp\/v2\/comments?post=398"}],"version-history":[{"count":1,"href":"https:\/\/www.lagestoriadelcopyright.com\/ca\/wp-json\/wp\/v2\/pages\/398\/revisions"}],"predecessor-version":[{"id":399,"href":"https:\/\/www.lagestoriadelcopyright.com\/ca\/wp-json\/wp\/v2\/pages\/398\/revisions\/399"}],"wp:attachment":[{"href":"https:\/\/www.lagestoriadelcopyright.com\/ca\/wp-json\/wp\/v2\/media?parent=398"}],"curies":[{"name":"wp","href":"https:\/\/api.w.org\/{rel}","templated":true}]}}