{"id":15,"date":"2016-02-05T20:03:47","date_gmt":"2016-02-05T20:03:47","guid":{"rendered":"https:\/\/www.lagestoriadelcopyright.com\/?page_id=15"},"modified":"2016-03-28T17:31:53","modified_gmt":"2016-03-28T17:31:53","slug":"quienes-somos","status":"publish","type":"page","link":"https:\/\/www.lagestoriadelcopyright.com\/ca\/quienes-somos\/","title":{"rendered":"Qui som?"},"content":{"rendered":"[vc_row fullwidth=&#8221;false&#8221; attached=&#8221;false&#8221; padding=&#8221;0&#8243; visibility=&#8221;&#8221; animation=&#8221;&#8221;][vc_column border_color=&#8221;&#8221; visibility=&#8221;&#8221; width=&#8221;1\/1&#8243;][vc_column_text disable_pattern=&#8221;true&#8221; align=&#8221;center&#8221; margin_bottom=&#8221;0&#8243;]\n<p><a href=\"https:\/\/www.lagestoriadelcopyright.com\/wp-content\/uploads\/2016\/02\/icon_cor_ok.png\" rel=\"attachment wp-att-120\"><img loading=\"lazy\" class=\"size-full wp-image-120 aligncenter\" src=\"https:\/\/www.lagestoriadelcopyright.com\/wp-content\/uploads\/2016\/02\/icon_cor_ok.png\" alt=\"icon_cor_ok\" width=\"390\" height=\"278\" srcset=\"https:\/\/www.lagestoriadelcopyright.com\/wp-content\/uploads\/2016\/02\/icon_cor_ok.png 390w, https:\/\/www.lagestoriadelcopyright.com\/wp-content\/uploads\/2016\/02\/icon_cor_ok-300x214.png 300w\" sizes=\"(max-width: 390px) 100vw, 390px\" \/><\/a><\/p>\n[\/vc_column_text][\/vc_column][\/vc_row][vc_row][vc_column][vc_column_text disable_pattern=&#8221;true&#8221; align=&#8221;left&#8221; margin_bottom=&#8221;0&#8243;]\n<h1 style=\"text-align: center;\">Estimem la nostra feina<\/h1>\n<p>Coneixem la Llei de propietat intel\u00b7lectual fins a la darrera coma i, m\u00e9s important encara, coneixem els par\u00e0metres del sector i com aplicar la llei a la realitat del mercat, especialment en aquells aspectes on la Llei ha quedat totalment obsoleta.<br \/>\n<strong><br \/>\nEns encanta l\u2019edici\u00f3 per\u00f2 no l\u2019entenem sense el degut respecte als drets d\u2019autor, que s\u00f3n a m\u00e9s, sense cap mena de dubte, la clau del futur de tot el sector. La correcta gesti\u00f3 dels drets permetr\u00e0 tant al creador com a l\u2019editor viure del seu treball de manera digna i respectuosa.<br \/>\n<\/strong><br \/>\nAmb m\u00e9s de 20 anys d\u2019experi\u00e8ncia en drets d\u2019autor vinculats a l\u2019edici\u00f3, tant en l\u2019\u00e0mbit nacional com en l\u2019internacional, ens posem al capdavant d\u2019aquesta nova iniciativa a l\u2019abast de qualsevol dels actors en la compravenda de drets. I ho fem des del m\u00e9s profund convenciment que la clau del futur de l\u2019edici\u00f3 estar\u00e0 tan sols en mans d\u2019aquells que gestionin millor el copyright.<br \/>\n[\/vc_column_text][\/vc_column][\/vc_row]","protected":false},"excerpt":{"rendered":"<p>[vc_row fullwidth=&#8221;false&#8221; attached=&#8221;false&#8221; padding=&#8221;0&#8243; visibility=&#8221;&#8221; animation=&#8221;&#8221;][vc_column border_color=&#8221;&#8221; visibility=&#8221;&#8221; width=&#8221;1\/1&#8243;][vc_column_text disable_pattern=&#8221;true&#8221; align=&#8221;center&#8221; margin_bottom=&#8221;0&#8243;] [\/vc_column_text][\/vc_column][\/vc_row][vc_row][vc_column][vc_column_text disable_pattern=&#8221;true&#8221; align=&#8221;left&#8221; margin_bottom=&#8221;0&#8243;] Estimem la nostra feina Coneixem la Llei de propietat intel\u00b7lectual fins a la darrera coma i, m\u00e9s important encara, coneixem els par\u00e0metres del sector i com aplicar la llei a la realitat del mercat, especialment en aquells aspectes on [&hellip;]<\/p>\n","protected":false},"author":1,"featured_media":0,"parent":0,"menu_order":0,"comment_status":"closed","ping_status":"closed","template":"","meta":[],"_links":{"self":[{"href":"https:\/\/www.lagestoriadelcopyright.com\/ca\/wp-json\/wp\/v2\/pages\/15"}],"collection":[{"href":"https:\/\/www.lagestoriadelcopyright.com\/ca\/wp-json\/wp\/v2\/pages"}],"about":[{"href":"https:\/\/www.lagestoriadelcopyright.com\/ca\/wp-json\/wp\/v2\/types\/page"}],"author":[{"embeddable":true,"href":"https:\/\/www.lagestoriadelcopyright.com\/ca\/wp-json\/wp\/v2\/users\/1"}],"replies":[{"embeddable":true,"href":"https:\/\/www.lagestoriadelcopyright.com\/ca\/wp-json\/wp\/v2\/comments?post=15"}],"version-history":[{"count":24,"href":"https:\/\/www.lagestoriadelcopyright.com\/ca\/wp-json\/wp\/v2\/pages\/15\/revisions"}],"predecessor-version":[{"id":515,"href":"https:\/\/www.lagestoriadelcopyright.com\/ca\/wp-json\/wp\/v2\/pages\/15\/revisions\/515"}],"wp:attachment":[{"href":"https:\/\/www.lagestoriadelcopyright.com\/ca\/wp-json\/wp\/v2\/media?parent=15"}],"curies":[{"name":"wp","href":"https:\/\/api.w.org\/{rel}","templated":true}]}}