{"id":13,"date":"2016-02-05T20:02:54","date_gmt":"2016-02-05T20:02:54","guid":{"rendered":"https:\/\/www.lagestoriadelcopyright.com\/?page_id=13"},"modified":"2016-03-28T17:28:35","modified_gmt":"2016-03-28T17:28:35","slug":"nuestros-servicios","status":"publish","type":"page","link":"https:\/\/www.lagestoriadelcopyright.com\/ca\/","title":{"rendered":"Els nostres serveis"},"content":{"rendered":"[vc_row fullwidth=&#8221;true&#8221; attached=&#8221;false&#8221; animation=&#8221;fade-in&#8221; padding=&#8221;0&#8243; el_class=&#8221;hola&#8221;][vc_column width=&#8221;1\/1&#8243; css=&#8221;.vc_custom_1457902056599{margin-top: -5px !important;margin-right: 0px !important;margin-bottom: 0px !important;margin-left: 0px !important;border-top-width: 0px !important;padding-top: 0px !important;border-top-color: #00adbb !important;border-top-style: solid !important;}&#8221;][mk_edge_slider first_el=&#8221;true&#8221; parallax=&#8221;true&#8221; order=&#8221;ASC&#8221; orderby=&#8221;date&#8221; full_height=&#8221;true&#8221; height=&#8221;0&#8243; animation_effect=&#8221;slide&#8221; animation_speed=&#8221;400&#8243; slideshow_speed=&#8221;7000&#8243; direction_nav=&#8221;none&#8221; pagination=&#8221;none&#8221; skip_arrow=&#8221;true&#8221; slides=&#8221;468,466,470,472&#8243; swiper_bg=&#8221;#000000&#8243; el_class=&#8221;slider&#8221;][\/vc_column][\/vc_row][vc_row fullwidth=&#8221;false&#8221; attached=&#8221;false&#8221; padding=&#8221;0&#8243; visibility=&#8221;&#8221; animation=&#8221;&#8221;][vc_column width=&#8221;1\/1&#8243;][vc_empty_space height=&#8221;70px&#8221;][vc_column_text disable_pattern=&#8221;true&#8221; align=&#8221;center&#8221; margin_bottom=&#8221;30&#8243; animation=&#8221;flip-y&#8221; el_class=&#8221;autor&#8221;]\n<h1 style=\"text-align: center; color: #3d3834;\">EXPERTS EN DRETS D\u2019AUTOR<\/h1>\n[\/vc_column_text][\/vc_column][\/vc_row][vc_row fullwidth=&#8221;false&#8221; attached=&#8221;false&#8221; padding=&#8221;0&#8243; visibility=&#8221;&#8221; animation=&#8221;&#8221;][vc_column border_color=&#8221;&#8221; visibility=&#8221;&#8221; width=&#8221;1\/4&#8243;][vc_column_text disable_pattern=&#8221;true&#8221; align=&#8221;left&#8221; margin_bottom=&#8221;0&#8243; animation=&#8221;fade-in&#8221;]\n<h4><strong>Assessoria contractual<\/strong><\/h4>\n<p style=\"color: #3d3834; font-size: 16px; text-align: left;\">Revisi\u00f3 de contractes nacionals o internacionals<\/p>\n<p style=\"color: #3d3834; font-size: 16px; text-align: left;\">Revisi\u00f3 de condicions, adequaci\u00f3 a la llei, al client i al mercat<\/p>\n<p style=\"color: #3d3834; font-size: 16px; text-align: left;\">Negociaci\u00f3 de primer o segon grau<\/p>\n[\/vc_column_text][\/vc_column][vc_column border_color=&#8221;&#8221; visibility=&#8221;&#8221; width=&#8221;1\/4&#8243;][vc_column_text disable_pattern=&#8221;true&#8221; align=&#8221;left&#8221; margin_bottom=&#8221;0&#8243; animation=&#8221;fade-in&#8221;]\n<h4><strong>Gesti\u00f3 de contractes i liquidacions de drets<\/strong><\/h4>\n<p style=\"color: #3d3834; font-size: 16px; text-align: left;\">Confecci\u00f3 de contractes<\/p>\n<p style=\"color: #3d3834; font-size: 16px; text-align: left;\">Seguiment i manteniment (firmes, renovacions, cancel\u00b7lacions, publicacions, etc.)<\/p>\n<p style=\"color: #3d3834; font-size: 16px; text-align: left;\">Confecci\u00f3 o revisi\u00f3 i gesti\u00f3 de liquidacions<\/p>\n[\/vc_column_text][\/vc_column][vc_column border_color=&#8221;&#8221; visibility=&#8221;&#8221; width=&#8221;1\/4&#8243;][vc_column_text disable_pattern=&#8221;true&#8221; align=&#8221;left&#8221; margin_bottom=&#8221;0&#8243; animation=&#8221;fade-in&#8221;]\n<h4><strong>Gesti\u00f3 de permisos i llic\u00e8ncies<\/strong><\/h4>\n<p style=\"color: #3d3834; font-size: 16px; text-align: left;\">Recerca de propietaris<\/p>\n<p style=\"color: #3d3834; font-size: 16px; text-align: left;\">Confecci\u00f3 de permisos i llic\u00e8ncies d\u2019\u00fas<\/p>\n<p style=\"color: #3d3834; font-size: 16px; text-align: left;\">Contractes de cessi\u00f3 de subsidiaris<\/p>\n[\/vc_column_text][\/vc_column][vc_column border_color=&#8221;&#8221; visibility=&#8221;&#8221; width=&#8221;1\/4&#8243;][vc_column_text disable_pattern=&#8221;true&#8221; align=&#8221;left&#8221; margin_bottom=&#8221;0&#8243; animation=&#8221;fade-in&#8221;]\n<h4><strong>Altres serveis<\/strong><\/h4>\n<p style=\"color: #3d3834; font-size: 16px; text-align: left;\">B\u00fasqueda de propietaris, recuperaci\u00f3 de drets, entitats de gesti\u00f3 i qualsevol altre servei relacionat amb drets d&#8217;autor<\/p>\n[\/vc_column_text][\/vc_column][\/vc_row][vc_row fullwidth=&#8221;false&#8221; attached=&#8221;false&#8221; padding=&#8221;0&#8243; visibility=&#8221;&#8221; animation=&#8221;&#8221;][vc_column border_color=&#8221;&#8221; visibility=&#8221;&#8221; width=&#8221;1\/1&#8243;][vc_empty_space height=&#8221;70px&#8221;][\/vc_column][\/vc_row][mk_page_section layout_structure=&#8221;full&#8221; bg_color=&#8221;#3d3834&#8243; attachment=&#8221;scroll&#8221; bg_position=&#8221;left top&#8221; bg_repeat=&#8221;repeat&#8221; bg_stretch=&#8221;true&#8221; enable_3d=&#8221;true&#8221; speed_factor=&#8221;0.3&#8243; bg_video=&#8221;no&#8221; video_source=&#8221;self&#8221; stream_host_website=&#8221;youtube&#8221; video_mask=&#8221;false&#8221; bg_gradient=&#8221;false&#8221; gr_end=&#8221;#1e73be&#8221; video_opacity=&#8221;0.6&#8243; top_shadow=&#8221;false&#8221; section_layout=&#8221;full&#8221; min_height=&#8221;500&#8243; full_width=&#8221;true&#8221; full_height=&#8221;false&#8221; intro_effect=&#8221;false&#8221; padding_top=&#8221;80&#8243; padding_bottom=&#8221;30&#8243; margin_bottom=&#8221;-50&#8243; skip_arrow=&#8221;false&#8221; skip_arrow_skin=&#8221;light&#8221; first_page=&#8221;false&#8221; last_page=&#8221;false&#8221; sidebar=&#8221;sidebar-1&#8243;][vc_column width=&#8221;1\/1&#8243;][mk_circle_image src=&#8221;https:\/\/www.lagestoriadelcopyright.com\/wp-content\/uploads\/2016\/02\/libros.jpg&#8221; image_diameter=&#8221;178&#8243; animation=&#8221;scale-up&#8221;][vc_empty_space height=&#8221;15px&#8221;][vc_column_text disable_pattern=&#8221;true&#8221; align=&#8221;center&#8221; margin_bottom=&#8221;0&#8243; animation=&#8221;fade-in&#8221;]\n<h1 style=\"text-align: center;\">Empresa<\/h1>\n<p style=\"text-align: center; color: white; font-size: 25px;\">Som <strong>professionals <\/strong>amb m\u00e9s de 20 anys d\u2019<strong>experi\u00e8ncia<\/strong>\u00a0en el sector\u00a0<strong>editorial,<br \/>\n<\/strong>amb ganes de posar els nostres coneixements al vostre servei.<\/p>\n[\/vc_column_text][\/vc_column][\/mk_page_section][mk_page_section layout_structure=&#8221;full&#8221; bg_color=&#8221;#f4f2f1&#8243; attachment=&#8221;scroll&#8221; bg_position=&#8221;left top&#8221; bg_repeat=&#8221;repeat&#8221; bg_stretch=&#8221;true&#8221; enable_3d=&#8221;true&#8221; speed_factor=&#8221;0.3&#8243; bg_video=&#8221;no&#8221; video_source=&#8221;self&#8221; stream_host_website=&#8221;youtube&#8221; video_mask=&#8221;false&#8221; bg_gradient=&#8221;false&#8221; gr_end=&#8221;#1e73be&#8221; video_opacity=&#8221;0.6&#8243; top_shadow=&#8221;false&#8221; section_layout=&#8221;full&#8221; min_height=&#8221;500&#8243; full_width=&#8221;false&#8221; full_height=&#8221;false&#8221; intro_effect=&#8221;false&#8221; padding_top=&#8221;80&#8243; padding_bottom=&#8221;0&#8243; margin_bottom=&#8221;0&#8243; skip_arrow=&#8221;false&#8221; skip_arrow_skin=&#8221;light&#8221; first_page=&#8221;false&#8221; last_page=&#8221;false&#8221; sidebar=&#8221;sidebar-1&#8243;][vc_column width=&#8221;1\/1&#8243; css=&#8221;.vc_custom_1455265423039{margin-top: 0px !important;margin-bottom: 0px !important;}&#8221;][mk_circle_image src=&#8221;https:\/\/www.lagestoriadelcopyright.com\/wp-content\/uploads\/2016\/02\/icono_clientes.jpg&#8221; image_diameter=&#8221;178&#8243; animation=&#8221;scale-up&#8221;][vc_empty_space height=&#8221;15px&#8221;][vc_column_text disable_pattern=&#8221;true&#8221; align=&#8221;center&#8221; margin_bottom=&#8221;0&#8243; animation=&#8221;fade-in&#8221;]\n<h1 style=\"text-align: center; color: #3d3834;\">CLIENTS<\/h1>\n<p style=\"text-align: center; color: #3d3834; font-size: 25px;\"><strong>Utilitzen els nostres serveis:<\/strong><br \/>\nAutors, il\u00b7lustradors, traductors, ag\u00e8ncies liter\u00e0ries, editorials, altres&#8230;<\/p>\n[\/vc_column_text][\/vc_column][\/mk_page_section][mk_page_section layout_structure=&#8221;full&#8221; bg_color=&#8221;#ffffff&#8221; attachment=&#8221;scroll&#8221; bg_position=&#8221;left top&#8221; bg_repeat=&#8221;repeat&#8221; bg_stretch=&#8221;true&#8221; enable_3d=&#8221;true&#8221; speed_factor=&#8221;0.3&#8243; bg_video=&#8221;no&#8221; video_source=&#8221;self&#8221; stream_host_website=&#8221;youtube&#8221; video_mask=&#8221;false&#8221; bg_gradient=&#8221;false&#8221; gr_end=&#8221;#1e73be&#8221; video_opacity=&#8221;0.6&#8243; top_shadow=&#8221;false&#8221; section_layout=&#8221;full&#8221; min_height=&#8221;550&#8243; full_width=&#8221;false&#8221; full_height=&#8221;false&#8221; intro_effect=&#8221;false&#8221; padding_top=&#8221;20&#8243; padding_bottom=&#8221;0&#8243; margin_bottom=&#8221;-50&#8243; skip_arrow=&#8221;false&#8221; skip_arrow_skin=&#8221;light&#8221; first_page=&#8221;false&#8221; last_page=&#8221;false&#8221; sidebar=&#8221;sidebar-1&#8243;][vc_column border_color=&#8221;&#8221; visibility=&#8221;&#8221; width=&#8221;1\/1&#8243;][mk_circle_image src=&#8221;https:\/\/www.lagestoriadelcopyright.com\/wp-content\/uploads\/2016\/02\/icono_razones.jpg&#8221; image_diameter=&#8221;178&#8243; animation=&#8221;scale-up&#8221;][vc_empty_space height=&#8221;15px&#8221;][vc_column_text disable_pattern=&#8221;true&#8221; align=&#8221;center&#8221; margin_bottom=&#8221;0&#8243; animation=&#8221;fade-in&#8221;]\n<h1 style=\"text-align: center; color: #3d3834;\">MOTIUS<\/h1>\n<p style=\"text-align: center; color: #3d3834; font-size: 25px;\">Perqu\u00e8 creiem que la <strong>difusi\u00f3 de la creaci\u00f3<\/strong>\u00a0\u00e9s necess\u00e0ria i la seva protecci\u00f3, <strong>imprescindible.<br \/>\n<\/strong>Perqu\u00e8 el <strong>copyright<\/strong> segueix essent i ser\u00e0 l\u2019eix de l\u2019engranatge per tal que aix\u00f2 sigui possible all\u00e0 on les formes de comunicaci\u00f3 ens portin.<br \/>\nPerqu\u00e8 creiem que la millora en la <strong>seva gesti\u00f3 far\u00e0 el sector cultural molt m\u00e9s fort. <\/strong><\/p>\n[\/vc_column_text][\/vc_column][\/mk_page_section]","protected":false},"excerpt":{"rendered":"<p>[vc_row fullwidth=&#8221;true&#8221; attached=&#8221;false&#8221; animation=&#8221;fade-in&#8221; padding=&#8221;0&#8243; el_class=&#8221;hola&#8221;][vc_column width=&#8221;1\/1&#8243; css=&#8221;.vc_custom_1457902056599{margin-top: -5px !important;margin-right: 0px !important;margin-bottom: 0px !important;margin-left: 0px !important;border-top-width: 0px !important;padding-top: 0px !important;border-top-color: #00adbb !important;border-top-style: solid !important;}&#8221;][mk_edge_slider first_el=&#8221;true&#8221; parallax=&#8221;true&#8221; order=&#8221;ASC&#8221; orderby=&#8221;date&#8221; full_height=&#8221;true&#8221; height=&#8221;0&#8243; animation_effect=&#8221;slide&#8221; animation_speed=&#8221;400&#8243; slideshow_speed=&#8221;7000&#8243; direction_nav=&#8221;none&#8221; pagination=&#8221;none&#8221; skip_arrow=&#8221;true&#8221; slides=&#8221;468,466,470,472&#8243; swiper_bg=&#8221;#000000&#8243; el_class=&#8221;slider&#8221;][\/vc_column][\/vc_row][vc_row fullwidth=&#8221;false&#8221; attached=&#8221;false&#8221; padding=&#8221;0&#8243; visibility=&#8221;&#8221; animation=&#8221;&#8221;][vc_column width=&#8221;1\/1&#8243;][vc_empty_space height=&#8221;70px&#8221;][vc_column_text disable_pattern=&#8221;true&#8221; align=&#8221;center&#8221; margin_bottom=&#8221;30&#8243; animation=&#8221;flip-y&#8221; el_class=&#8221;autor&#8221;] EXPERTS EN DRETS D\u2019AUTOR [&hellip;]<\/p>\n","protected":false},"author":1,"featured_media":0,"parent":0,"menu_order":0,"comment_status":"closed","ping_status":"closed","template":"","meta":[],"_links":{"self":[{"href":"https:\/\/www.lagestoriadelcopyright.com\/ca\/wp-json\/wp\/v2\/pages\/13"}],"collection":[{"href":"https:\/\/www.lagestoriadelcopyright.com\/ca\/wp-json\/wp\/v2\/pages"}],"about":[{"href":"https:\/\/www.lagestoriadelcopyright.com\/ca\/wp-json\/wp\/v2\/types\/page"}],"author":[{"embeddable":true,"href":"https:\/\/www.lagestoriadelcopyright.com\/ca\/wp-json\/wp\/v2\/users\/1"}],"replies":[{"embeddable":true,"href":"https:\/\/www.lagestoriadelcopyright.com\/ca\/wp-json\/wp\/v2\/comments?post=13"}],"version-history":[{"count":262,"href":"https:\/\/www.lagestoriadelcopyright.com\/ca\/wp-json\/wp\/v2\/pages\/13\/revisions"}],"predecessor-version":[{"id":513,"href":"https:\/\/www.lagestoriadelcopyright.com\/ca\/wp-json\/wp\/v2\/pages\/13\/revisions\/513"}],"wp:attachment":[{"href":"https:\/\/www.lagestoriadelcopyright.com\/ca\/wp-json\/wp\/v2\/media?parent=13"}],"curies":[{"name":"wp","href":"https:\/\/api.w.org\/{rel}","templated":true}]}}